{"id":2471,"date":"2022-01-25T17:53:01","date_gmt":"2022-01-25T17:53:01","guid":{"rendered":"https:\/\/marianaberdinas.com.ar\/esculturas\/?page_id=2471"},"modified":"2022-01-26T04:48:43","modified_gmt":"2022-01-26T04:48:43","slug":"mas-alla-de-lo-material","status":"publish","type":"page","link":"https:\/\/marianaberdinas.com.ar\/esculturas\/portfolio\/mas-alla-de-lo-material\/","title":{"rendered":"MAS ALLA DE LO MATERIAL"},"content":{"rendered":"<div id='av_section_1'  class='avia-section main_color avia-section-default avia-no-border-styling  av-section-color-overlay-active avia-bg-style-scroll  avia-builder-el-0  avia-builder-el-no-sibling   av-minimum-height av-minimum-height-100  av-section-with-video-bg container_wrap fullsize' style=' '   data-av_minimum_height_pc='100' data-section-video-ratio='16:9'><div   data-size='featured'  data-lightbox_size='large'  data-animation='slide'  data-conditional_play=''  data-ids=''  data-video_counter='1'  data-autoplay='false'  data-bg_slider='false'  data-slide_height=''  data-handle=''  data-interval='5'  data-class=' av-section-video-bg'  data-el_id=''  data-css_id=''  data-scroll_down=''  data-control_layout=''  data-custom_markup=''  data-perma_caption=''  data-autoplay_stopper=''  data-image_attachment=''  data-min_height='0px'  data-lazy_loading='disabled'  data-default-height='28.666666666667'  class='avia-slideshow avia-slideshow-1  av-default-height-applied avia-slideshow-featured   av-section-video-bg avia-slide-slider '  itemprop=\"image\" itemscope=\"itemscope\" itemtype=\"https:\/\/schema.org\/ImageObject\" ><ul class='avia-slideshow-inner ' style='padding-bottom: 28.666666666667%;' ><li  data-controls='disabled' data-mute='aviaTBaviaTBvideo_mute' data-loop='1' data-disable-autoplay=''  data-video-ratio='3.4883720930233' class=' av-video-slide  av-video-service-vimeo  av-hide-video-controls av-mute-video av-loop-video av-single-slide slide-1 ' ><div data-rel='slideshow-1' class='avia-slide-wrap '   ><div class='av-click-overlay'><\/div><div class='mejs-mediaelement'><div data-src='\/\/player.vimeo.com\/video\/41629603?portrait=0&#038;byline=0&#038;title=0&#038;badge=0&#038;loop=1&#038;autopause=0&#038;api=1&#038;rel=0&#038;player_id=player_2471_470881817_107250678&#038;color=a81010' data-original_url='http:\/\/vimeo.com\/groups\/stockfootage\/videos\/41629603' height='1600' width='900' class='av_vimeo_frame' id='player_2471_470881817_107250678'><\/div><\/div><div class='av-click-to-play-overlay'><div class=\"avia_playpause_icon\"><\/div><\/div><\/div><\/li><\/ul><\/div><div class='av-section-color-overlay-wrap'><div class='av-section-color-overlay' style='opacity: 0.5; background-color: #000000; '><\/div><div class='container' ><main  role=\"main\" itemprop=\"mainContentOfPage\"  class='template-page content  av-content-full alpha units'><div class='post-entry post-entry-type-page post-entry-2471'><div class='entry-content-wrapper clearfix'>\n<div  style='padding-bottom:10px; color:#ffffff;' class='av-special-heading av-special-heading-h1 custom-color-heading blockquote modern-quote modern-centered  avia-builder-el-1  el_before_av_textblock  avia-builder-el-first  '><div class ='av-subheading av-subheading_above av_custom_color ' style='font-size:15px;'><p>Serie 1<\/p>\n<\/div><h1 class='av-special-heading-tag '  itemprop=\"headline\"  >MAS ALLA DE LO MATERIAL<\/h1><div class='special-heading-border'><div class='special-heading-inner-border' style='border-color:#ffffff'><\/div><\/div><\/div>\n<section class=\"av_textblock_section \"  itemscope=\"itemscope\" itemtype=\"https:\/\/schema.org\/CreativeWork\" ><div class='avia_textblock  av_inherit_color '  style='color:#ffffff; '  itemprop=\"text\" ><p style=\"text-align: center;\"><i>Muchas personas en todo el mundo est\u00e1n poniendo su granito de arena para salvar nuestros mares; y entre ellas los artistas contempor\u00e1neos. A trav\u00e9s del arte, los ilustradores, escultores y dise\u00f1adores creamos obras que rinden homenaje a la belleza y lo natural, pero tambi\u00e9n muestran los efectos devastadores del impacto humano.<\/i><\/p>\n<\/div><\/section>\n<div id='av-masonry-1' class='av-masonry  noHover av-fixed-size av-large-gap av-hover-overlay-active av-masonry-animation-active av-masonry-col-3 av-caption-on-hover av-caption-style-overlay  av-orientation-portrait-large  '  ><div class='av-masonry-container isotope av-js-disabled ' ><div class='av-masonry-entry isotope-item av-masonry-item-no-image all_sort serie1_sort '><\/div><a href=\"https:\/\/marianaberdinas.com.ar\/esculturas\/portfolio-item\/sensaciones-compartidas\/\"  id='av-masonry-1-item-2147' data-av-masonry-item='2147' class='av-masonry-entry isotope-item post-2147 portfolio type-portfolio status-publish has-post-thumbnail hentry portfolio_entries-serie1 all_sort serie1_sort  av-masonry-item-with-image' title=\"serie1foto (4)\"  itemscope=\"itemscope\" itemtype=\"https:\/\/schema.org\/CreativeWork\" ><div class='av-inner-masonry-sizer'><\/div><figure class='av-inner-masonry main_color'><div class=\"av-masonry-outerimage-container\"><div class=\"av-masonry-image-container\" style=\"background-image: url(https:\/\/marianaberdinas.com.ar\/esculturas\/wp-content\/uploads\/2021\/12\/serie1foto-4-472x705.jpg);\" title=\"serie1foto (4)\" ><\/div><\/div><figcaption class='av-inner-masonry-content site-background'><div class='av-inner-masonry-content-pos'><div class='av-inner-masonry-content-pos-content'><div class='avia-arrow'><\/div><h3 class='av-masonry-entry-title entry-title '  itemprop=\"headline\" >SENSACIONES COMPARTIDAS<\/h3><\/div><\/div><\/figcaption><\/figure><\/a><!--end av-masonry entry--><a href=\"https:\/\/marianaberdinas.com.ar\/esculturas\/portfolio-item\/cuando-caiga-la-ultima-hoja\/\"  id='av-masonry-1-item-2251' data-av-masonry-item='2251' class='av-masonry-entry isotope-item post-2251 portfolio type-portfolio status-publish has-post-thumbnail hentry portfolio_entries-serie1 all_sort serie1_sort  av-masonry-item-with-image' title=\"serie1 cuandocaiga (2)\"  itemscope=\"itemscope\" itemtype=\"https:\/\/schema.org\/CreativeWork\" ><div class='av-inner-masonry-sizer'><\/div><figure class='av-inner-masonry main_color'><div class=\"av-masonry-outerimage-container\"><div class=\"av-masonry-image-container\" style=\"background-image: url(https:\/\/marianaberdinas.com.ar\/esculturas\/wp-content\/uploads\/2022\/01\/serie1cuandocaiga-2-460x705.jpg);\" title=\"serie1 cuandocaiga (2)\" ><\/div><\/div><figcaption class='av-inner-masonry-content site-background'><div class='av-inner-masonry-content-pos'><div class='av-inner-masonry-content-pos-content'><div class='avia-arrow'><\/div><h3 class='av-masonry-entry-title entry-title '  itemprop=\"headline\" >CUANDO CAIGA LA ULTIMA HOJA<\/h3><\/div><\/div><\/figcaption><\/figure><\/a><!--end av-masonry entry--><a href=\"https:\/\/marianaberdinas.com.ar\/esculturas\/portfolio-item\/incertidumbre\/\"  id='av-masonry-1-item-2349' data-av-masonry-item='2349' class='av-masonry-entry isotope-item post-2349 portfolio type-portfolio status-publish has-post-thumbnail hentry portfolio_entries-serie1 all_sort serie1_sort  av-masonry-item-with-image' title=\"serie1 incertidumbre (1)\"  itemscope=\"itemscope\" itemtype=\"https:\/\/schema.org\/CreativeWork\" ><div class='av-inner-masonry-sizer'><\/div><figure class='av-inner-masonry main_color'><div class=\"av-masonry-outerimage-container\"><div class=\"av-masonry-image-container\" style=\"background-image: url(https:\/\/marianaberdinas.com.ar\/esculturas\/wp-content\/uploads\/2021\/12\/serie1incertidumbre-1-455x705.jpg);\" title=\"serie1 incertidumbre (1)\"  alt=\"Incertidumbre Serie 1\" ><\/div><\/div><figcaption class='av-inner-masonry-content site-background'><div class='av-inner-masonry-content-pos'><div class='av-inner-masonry-content-pos-content'><div class='avia-arrow'><\/div><h3 class='av-masonry-entry-title entry-title '  itemprop=\"headline\" >INCERTIDUMBRE<\/h3><\/div><\/div><\/figcaption><\/figure><\/a><!--end av-masonry entry--><\/div><\/div>\n\n","protected":false},"excerpt":{"rendered":"","protected":false},"author":1,"featured_media":0,"parent":25,"menu_order":0,"comment_status":"closed","ping_status":"closed","template":"","meta":{"footnotes":""},"yoast_head":"<!-- This site is optimized with the Yoast SEO plugin v22.3 - https:\/\/yoast.com\/wordpress\/plugins\/seo\/ -->\n<title>MAS ALLA DE LO MATERIAL - esculturas<\/title>\n<meta name=\"robots\" content=\"index, follow, max-snippet:-1, max-image-preview:large, max-video-preview:-1\" \/>\n<link rel=\"canonical\" href=\"https:\/\/marianaberdinas.com.ar\/esculturas\/portfolio\/mas-alla-de-lo-material\/\" \/>\n<meta property=\"og:locale\" content=\"es_ES\" \/>\n<meta property=\"og:type\" content=\"article\" \/>\n<meta property=\"og:title\" content=\"MAS ALLA DE LO MATERIAL - esculturas\" \/>\n<meta property=\"og:url\" content=\"https:\/\/marianaberdinas.com.ar\/esculturas\/portfolio\/mas-alla-de-lo-material\/\" \/>\n<meta property=\"og:site_name\" content=\"esculturas\" \/>\n<meta property=\"article:modified_time\" content=\"2022-01-26T04:48:43+00:00\" \/>\n<meta name=\"twitter:card\" content=\"summary_large_image\" \/>\n<meta name=\"twitter:label1\" content=\"Tiempo de lectura\" \/>\n\t<meta name=\"twitter:data1\" content=\"2 minutos\" \/>\n<script type=\"application\/ld+json\" class=\"yoast-schema-graph\">{\"@context\":\"https:\/\/schema.org\",\"@graph\":[{\"@type\":\"WebPage\",\"@id\":\"https:\/\/marianaberdinas.com.ar\/esculturas\/portfolio\/mas-alla-de-lo-material\/\",\"url\":\"https:\/\/marianaberdinas.com.ar\/esculturas\/portfolio\/mas-alla-de-lo-material\/\",\"name\":\"MAS ALLA DE LO MATERIAL - esculturas\",\"isPartOf\":{\"@id\":\"https:\/\/marianaberdinas.com.ar\/esculturas\/#website\"},\"datePublished\":\"2022-01-25T17:53:01+00:00\",\"dateModified\":\"2022-01-26T04:48:43+00:00\",\"breadcrumb\":{\"@id\":\"https:\/\/marianaberdinas.com.ar\/esculturas\/portfolio\/mas-alla-de-lo-material\/#breadcrumb\"},\"inLanguage\":\"es\",\"potentialAction\":[{\"@type\":\"ReadAction\",\"target\":[\"https:\/\/marianaberdinas.com.ar\/esculturas\/portfolio\/mas-alla-de-lo-material\/\"]}]},{\"@type\":\"BreadcrumbList\",\"@id\":\"https:\/\/marianaberdinas.com.ar\/esculturas\/portfolio\/mas-alla-de-lo-material\/#breadcrumb\",\"itemListElement\":[{\"@type\":\"ListItem\",\"position\":1,\"name\":\"Portada\",\"item\":\"https:\/\/marianaberdinas.com.ar\/esculturas\/cursos-moldes-resinas-arte-dibujo-pintura\/\"},{\"@type\":\"ListItem\",\"position\":2,\"name\":\"Portfolio\",\"item\":\"https:\/\/marianaberdinas.com.ar\/esculturas\/portfolio\/\"},{\"@type\":\"ListItem\",\"position\":3,\"name\":\"MAS ALLA DE LO MATERIAL\"}]},{\"@type\":\"WebSite\",\"@id\":\"https:\/\/marianaberdinas.com.ar\/esculturas\/#website\",\"url\":\"https:\/\/marianaberdinas.com.ar\/esculturas\/\",\"name\":\"esculturas\",\"description\":\"Just another WordPress site\",\"potentialAction\":[{\"@type\":\"SearchAction\",\"target\":{\"@type\":\"EntryPoint\",\"urlTemplate\":\"https:\/\/marianaberdinas.com.ar\/esculturas\/?s={search_term_string}\"},\"query-input\":\"required name=search_term_string\"}],\"inLanguage\":\"es\"}]}<\/script>\n<!-- \/ Yoast SEO plugin. -->","yoast_head_json":{"title":"MAS ALLA DE LO MATERIAL - esculturas","robots":{"index":"index","follow":"follow","max-snippet":"max-snippet:-1","max-image-preview":"max-image-preview:large","max-video-preview":"max-video-preview:-1"},"canonical":"https:\/\/marianaberdinas.com.ar\/esculturas\/portfolio\/mas-alla-de-lo-material\/","og_locale":"es_ES","og_type":"article","og_title":"MAS ALLA DE LO MATERIAL - esculturas","og_url":"https:\/\/marianaberdinas.com.ar\/esculturas\/portfolio\/mas-alla-de-lo-material\/","og_site_name":"esculturas","article_modified_time":"2022-01-26T04:48:43+00:00","twitter_card":"summary_large_image","twitter_misc":{"Tiempo de lectura":"2 minutos"},"schema":{"@context":"https:\/\/schema.org","@graph":[{"@type":"WebPage","@id":"https:\/\/marianaberdinas.com.ar\/esculturas\/portfolio\/mas-alla-de-lo-material\/","url":"https:\/\/marianaberdinas.com.ar\/esculturas\/portfolio\/mas-alla-de-lo-material\/","name":"MAS ALLA DE LO MATERIAL - esculturas","isPartOf":{"@id":"https:\/\/marianaberdinas.com.ar\/esculturas\/#website"},"datePublished":"2022-01-25T17:53:01+00:00","dateModified":"2022-01-26T04:48:43+00:00","breadcrumb":{"@id":"https:\/\/marianaberdinas.com.ar\/esculturas\/portfolio\/mas-alla-de-lo-material\/#breadcrumb"},"inLanguage":"es","potentialAction":[{"@type":"ReadAction","target":["https:\/\/marianaberdinas.com.ar\/esculturas\/portfolio\/mas-alla-de-lo-material\/"]}]},{"@type":"BreadcrumbList","@id":"https:\/\/marianaberdinas.com.ar\/esculturas\/portfolio\/mas-alla-de-lo-material\/#breadcrumb","itemListElement":[{"@type":"ListItem","position":1,"name":"Portada","item":"https:\/\/marianaberdinas.com.ar\/esculturas\/cursos-moldes-resinas-arte-dibujo-pintura\/"},{"@type":"ListItem","position":2,"name":"Portfolio","item":"https:\/\/marianaberdinas.com.ar\/esculturas\/portfolio\/"},{"@type":"ListItem","position":3,"name":"MAS ALLA DE LO MATERIAL"}]},{"@type":"WebSite","@id":"https:\/\/marianaberdinas.com.ar\/esculturas\/#website","url":"https:\/\/marianaberdinas.com.ar\/esculturas\/","name":"esculturas","description":"Just another WordPress site","potentialAction":[{"@type":"SearchAction","target":{"@type":"EntryPoint","urlTemplate":"https:\/\/marianaberdinas.com.ar\/esculturas\/?s={search_term_string}"},"query-input":"required name=search_term_string"}],"inLanguage":"es"}]}},"_links":{"self":[{"href":"https:\/\/marianaberdinas.com.ar\/esculturas\/wp-json\/wp\/v2\/pages\/2471"}],"collection":[{"href":"https:\/\/marianaberdinas.com.ar\/esculturas\/wp-json\/wp\/v2\/pages"}],"about":[{"href":"https:\/\/marianaberdinas.com.ar\/esculturas\/wp-json\/wp\/v2\/types\/page"}],"author":[{"embeddable":true,"href":"https:\/\/marianaberdinas.com.ar\/esculturas\/wp-json\/wp\/v2\/users\/1"}],"replies":[{"embeddable":true,"href":"https:\/\/marianaberdinas.com.ar\/esculturas\/wp-json\/wp\/v2\/comments?post=2471"}],"version-history":[{"count":7,"href":"https:\/\/marianaberdinas.com.ar\/esculturas\/wp-json\/wp\/v2\/pages\/2471\/revisions"}],"predecessor-version":[{"id":2595,"href":"https:\/\/marianaberdinas.com.ar\/esculturas\/wp-json\/wp\/v2\/pages\/2471\/revisions\/2595"}],"up":[{"embeddable":true,"href":"https:\/\/marianaberdinas.com.ar\/esculturas\/wp-json\/wp\/v2\/pages\/25"}],"wp:attachment":[{"href":"https:\/\/marianaberdinas.com.ar\/esculturas\/wp-json\/wp\/v2\/media?parent=2471"}],"curies":[{"name":"wp","href":"https:\/\/api.w.org\/{rel}","templated":true}]}}