{"id":21,"date":"2014-09-26T17:23:32","date_gmt":"2014-09-26T17:23:32","guid":{"rendered":"http:\/\/192.168.1.104\/enfold-photography\/?page_id=21"},"modified":"2022-01-27T14:23:59","modified_gmt":"2022-01-27T14:23:59","slug":"bio","status":"publish","type":"page","link":"https:\/\/marianaberdinas.com.ar\/esculturas\/bio\/","title":{"rendered":"Mariana Berdi\u00f1as"},"content":{"rendered":"<div id='full_slider_1'  class='avia-fullwidth-slider main_color avia-shadow   avia-builder-el-0  el_before_av_textblock  avia-builder-el-first   container_wrap fullsize' style=' '  ><div   data-size='featured_large'  data-lightbox_size='large'  data-animation='fade'  data-conditional_play=''  data-ids='2558'  data-video_counter='0'  data-autoplay='false'  data-bg_slider='false'  data-slide_height=''  data-handle='av_slideshow_full'  data-interval='5'  data-class=' '  data-el_id=''  data-css_id=''  data-scroll_down=''  data-control_layout='av-control-minimal'  data-custom_markup=''  data-perma_caption=''  data-autoplay_stopper=''  data-image_attachment=''  data-min_height='0px'  data-lazy_loading='disabled'  data-src=''  data-position='top left'  data-repeat='no-repeat'  data-attach='scroll'  data-stretch=''  data-default-height='42'  class='avia-slideshow avia-slideshow-1  av-control-minimal av-default-height-applied avia-slideshow-featured_large av_slideshow_full   avia-fade-slider '  itemprop=\"image\" itemscope=\"itemscope\" itemtype=\"https:\/\/schema.org\/ImageObject\" ><ul class='avia-slideshow-inner ' style='padding-bottom: 42%;' ><li  class=' av-single-slide slide-1 ' ><div data-rel='slideshow-1' class='avia-slide-wrap '   ><div class = \"caption_fullwidth av-slideshow-caption caption_bottom\"><div class = \"container caption_container\"><div class = \"slideshow_caption\"><div class = \"slideshow_inner_caption\"><div class = \"slideshow_align_caption\"><h2  class='avia-caption-title  '  itemprop=\"name\" >Mariana Berdi\u00f1as<\/h2><div class='avia-caption-content  '  itemprop=\"description\"  ><p>Artista Visual Escultora<\/p>\n<\/div><\/div><\/div><\/div><\/div><\/div><img decoding=\"async\" class=\"wp-image-2558 avia-img-lazy-loading-not-2558\"  src=\"https:\/\/marianaberdinas.com.ar\/esculturas\/wp-content\/uploads\/2022\/01\/retratomblargo-1500x630.jpg\" width=\"1500\" height=\"630\" title='Mariana Berdi\u00f1as' alt=''  itemprop=\"thumbnailUrl\"   \/><div class='av-section-color-overlay' style='opacity: 0.5; background-color: #000000; '><\/div><\/div><\/li><\/ul><\/div><\/div><div id='after_full_slider_1'  class='main_color av_default_container_wrap container_wrap fullsize' style=' '  ><div class='container' ><div class='template-page content  av-content-full alpha units'><div class='post-entry post-entry-type-page post-entry-21'><div class='entry-content-wrapper clearfix'>\n<section class=\"av_textblock_section \"  itemscope=\"itemscope\" itemtype=\"https:\/\/schema.org\/CreativeWork\" ><div class='avia_textblock  '   itemprop=\"text\" ><p>Nacida en1964 en Buenos Aires, Argentina. Desde sus 13 a\u00f1os comienza su preparaci\u00f3n art\u00edstica a nivel profesional, trabajando en el taller de Ceferino Rodrigo Rivero, realiza estudios con Mildred Burton. Se forma con escultores y artistas pl\u00e1sticos renombrados como Ricardo Daga, Aurelio Macchi, Ricardo Gianetti, Juan Carlos Distefano, Maria Juana Heraz de Velazco y Antonio Pujia.<\/p>\n<p>Es Profesora Superior De Escultura egresada de La Escuela Superior De Bellas Artes De La Naci\u00f3n Ernesto De La C\u00e1rcova.<\/p>\n<p>Es Profesora Nacional De Dibujo Y Escultura En La Escuela Nacional De Bellas Artes Prilidiano Pueyrred\u00f3n (UNA).<br \/>\nEn los \u00faltimos a\u00f1os se presenta regularmente en ferias, salones, concursos y exposiciones en diferentes \u00e1mbitos de Buenos.<\/p>\n<p>Es Docente de escultura. Dicta cursos de especializaci\u00f3n t\u00e9cnica en matriceria en caucho de silicona, y resinas. Asesoramiento y apoyo en dise\u00f1o, producci\u00f3n y realizaci\u00f3n de proyectos especiales a artistas y particulares.<\/p>\n<p>Se perfecciona en el estudio y trabajo con diversos materiales como fundici\u00f3n a la cera perdido en bronce, ceras, patinas y resinas.<\/p>\n<p>Trabaja con la arcilla y su relaci\u00f3n con el agua, sus ritmos y su relaci\u00f3n con la forma, investigando y experimentando en el trabajo realizado por John Wilkes con\u00a0 flowforms.<\/p>\n<p>Participa de Seminarios de Formaci\u00f3n Acad\u00e9mica en escultura dictados por Michaela Schulz-Matan, terapeuta art\u00edstica de Suiza.<\/p>\n<p>Colabora en el dictado de Seminarios de Terapia Art\u00edstica Antropos\u00f3fica en escultura.<\/p>\n<\/div><\/section>\n<section class=\"av_textblock_section \"  itemscope=\"itemscope\" itemtype=\"https:\/\/schema.org\/CreativeWork\" ><div class='avia_textblock  '   itemprop=\"text\" ><p>CV<\/p>\n<p>Ilustradora y escultora. Trabaja principalmente con resinas, arcilla sin horno, bronce y madera.<\/p>\n<p>En 1981 se recibe como Profesora Nacional de Dibujo y Escultura de la Escuela Nacional de Bellas Artes \u201cPrilidiano Pueyrred\u00f3n\u201d, y posteriormente en 1992, como Profesora Superior de Escultura, egresando de la Escuela Superior de Bellas Artes de la Naci\u00f3n \u201cErnesto de la C\u00e1rcova\u201d.<\/p>\n<p>Previamente se form\u00f3 con C. Rivero (1977-1981), asisti\u00f3 al taller de dibujo de Kirwood High School, en Missouri, USA (1980), y estudi\u00f3 con M. Burton, A. Puj\u00eda, J. C. Dist\u00e9fano, R. Daga, A. Macchi, R. Gianetti y M. J. Heras Velazo, entre otros (1981-1992). En 2019, trabaj\u00f3 en cr\u00edtica y an\u00e1lisis de obra con Fabiana Barreda. Durante el a\u00f1o 2020\/21 trabaja en proyectos y curadur\u00eda junto a Maria Lightowler. En a\u00f1o 2021\/22 realiza an\u00e1lisis de obra y proyectos con Lucia Warck-Meister.<\/p>\n<p>EXPOSICIONES REALIZADAS -selecci\u00f3n-<\/p>\n<ol start=\"2018\">\n<li>Escultoras. Museo Fundaci\u00f3n Romulo Raggio. Buenos Aires, Argentina.<\/li>\n<li>Puertas del Bajo de San Isidro. Taller Espacio Estilo Rivera. San Isidro, Buenos Aires, Argentina.<br \/>\n2016. ExpoBio Nacional de la Sustentabilidad, Espacio ECO MujeresSe . Espacio Darwin del Hip\u00f3dromo de San Isidro, Buenos Aires, Argentina.<\/li>\n<li>MAJO \/ Expoarte+40 . Museo Fundaci\u00f3n R\u00f3mulo Raggio. Buenos Aires, Argentina.<\/li>\n<li>ExpoBio Nacional de la Sustentabilidad. Hip\u00f3dromo de San Isidro, Buenos Aires, Argentina<\/li>\n<li>Impresiones. Centro de Estudios Psicoanal\u00f3gicos. Palermo, Buenos Aires, Argentina<br \/>\n2014 . Expobio Argentina de la Sustentabilidad. Berazategui, Buenos Aires, Argentina<br \/>\n2013. Intervenci\u00f3n de Mariposas, Artyma\u00f1a. Hall de la Legislatura de Neuqu\u00e9n, Neuqu\u00e9n. Argentina<br \/>\n2011. Artyma\u00f1a Proyecto Social de ayuda. Intervenci\u00f3nen la naturaleza. Villa La Angostura, Argentina.<\/li>\n<li>A puertas abiertas. Recorrido por talleres de artistas del Bajo de San Isidro. Escultura, Formas de agua. San Isidro, Buenos Aires, Argentina.<br \/>\n2011. Feria Puro Dise\u00f1o. Predio La Rural, Palermo.\u00a0 Escultura. Buenos Aires, Argentina.<br \/>\n2009. Arte Si. Supermercado de Arte. En Darwin, Hipodromo de San Isidro. Esculturas con agua. Buenos Aires, Argentina.<br \/>\n2007. Bienal del Fin del Mundo. Usuahia 2007. Ushuaia, Argentina.<br \/>\n2006. \u00ab50\u00ba A\u00f1os de la Asociaci\u00f3n Argentina de Artistas Escultores\u00bb. Centro de Museos de Buenos Aires. Museo de Esculturas Luis Perlotti y la Asociaci\u00f3n Argentina de Artistas Escultores. Gobierno de la Ciudad Autonoma de Buenos Aires, Ministerio de Cultura, Subsecretaria de Patrimonio Cultural. Buenos Aires, Argentina.<br \/>\n2002. Hotel Sheraton Libertador. II Congreso Argentino de Medicina del Sue\u00f1o. Pintura. Invitada. Buenos Aires, Argentina.<br \/>\n2002. Espacio Rich Galer\u00eda de Arte. Escultura. Buenos Aires, Argentina.<\/li>\n<li>Primera Exhibici\u00f3n de Arte Iberoamericano. Power International Art Gallery de Coral Gables, <a href=\"http:\/\/www.cayomecenas.com.ar\/\">www.cayomecenas.com.ar<\/a>. Escultura. Coral Gables, Florida, Estados Unidos.<\/li>\n<li>Casa de la Provincia de La Pampa. \u00abNosotros y el Arte\u00bb. Centro de Arte Ansata. Pintura. Invitada. Buenos Aires, Argentina.<\/li>\n<li>Museo de Esculturas Luis Perlotti. \u00abLola a\u00fan Mora\u00bb. Invitada. Escultura. Muestra en homenaje a la escultora Lola Mora. Buenos Aires, Argentina.<br \/>\n1991. Salas Nacionales de Exposici\u00f3n. Palais de Glace. Escultura. Escuela Superior de Bellas Artes de La Naci\u00f3n \u00abErnesto de la C\u00e1rcova\u00bb. Buenos Aires, Argentina.<\/li>\n<\/ol>\n<\/div><\/section>\n","protected":false},"excerpt":{"rendered":"","protected":false},"author":1,"featured_media":2558,"parent":0,"menu_order":0,"comment_status":"open","ping_status":"open","template":"","meta":{"footnotes":""},"yoast_head":"<!-- This site is optimized with the Yoast SEO plugin v22.3 - https:\/\/yoast.com\/wordpress\/plugins\/seo\/ -->\n<title>Mariana Berdi\u00f1as - esculturas<\/title>\n<meta name=\"robots\" content=\"index, follow, max-snippet:-1, max-image-preview:large, max-video-preview:-1\" \/>\n<link rel=\"canonical\" href=\"https:\/\/marianaberdinas.com.ar\/esculturas\/bio\/\" \/>\n<meta property=\"og:locale\" content=\"es_ES\" \/>\n<meta property=\"og:type\" content=\"article\" \/>\n<meta property=\"og:title\" content=\"Mariana Berdi\u00f1as - esculturas\" \/>\n<meta property=\"og:url\" content=\"https:\/\/marianaberdinas.com.ar\/esculturas\/bio\/\" \/>\n<meta property=\"og:site_name\" content=\"esculturas\" \/>\n<meta property=\"article:modified_time\" content=\"2022-01-27T14:23:59+00:00\" \/>\n<meta property=\"og:image\" content=\"https:\/\/marianaberdinas.com.ar\/esculturas\/wp-content\/uploads\/2022\/01\/retratomblargo.jpg\" \/>\n\t<meta property=\"og:image:width\" content=\"1507\" \/>\n\t<meta property=\"og:image:height\" content=\"2000\" \/>\n\t<meta property=\"og:image:type\" content=\"image\/jpeg\" \/>\n<meta name=\"twitter:card\" content=\"summary_large_image\" \/>\n<meta name=\"twitter:label1\" content=\"Tiempo de lectura\" \/>\n\t<meta name=\"twitter:data1\" content=\"5 minutos\" \/>\n<script type=\"application\/ld+json\" class=\"yoast-schema-graph\">{\"@context\":\"https:\/\/schema.org\",\"@graph\":[{\"@type\":\"WebPage\",\"@id\":\"https:\/\/marianaberdinas.com.ar\/esculturas\/bio\/\",\"url\":\"https:\/\/marianaberdinas.com.ar\/esculturas\/bio\/\",\"name\":\"Mariana Berdi\u00f1as - esculturas\",\"isPartOf\":{\"@id\":\"https:\/\/marianaberdinas.com.ar\/esculturas\/#website\"},\"primaryImageOfPage\":{\"@id\":\"https:\/\/marianaberdinas.com.ar\/esculturas\/bio\/#primaryimage\"},\"image\":{\"@id\":\"https:\/\/marianaberdinas.com.ar\/esculturas\/bio\/#primaryimage\"},\"thumbnailUrl\":\"https:\/\/marianaberdinas.com.ar\/esculturas\/wp-content\/uploads\/2022\/01\/retratomblargo.jpg\",\"datePublished\":\"2014-09-26T17:23:32+00:00\",\"dateModified\":\"2022-01-27T14:23:59+00:00\",\"breadcrumb\":{\"@id\":\"https:\/\/marianaberdinas.com.ar\/esculturas\/bio\/#breadcrumb\"},\"inLanguage\":\"es\",\"potentialAction\":[{\"@type\":\"ReadAction\",\"target\":[\"https:\/\/marianaberdinas.com.ar\/esculturas\/bio\/\"]}]},{\"@type\":\"ImageObject\",\"inLanguage\":\"es\",\"@id\":\"https:\/\/marianaberdinas.com.ar\/esculturas\/bio\/#primaryimage\",\"url\":\"https:\/\/marianaberdinas.com.ar\/esculturas\/wp-content\/uploads\/2022\/01\/retratomblargo.jpg\",\"contentUrl\":\"https:\/\/marianaberdinas.com.ar\/esculturas\/wp-content\/uploads\/2022\/01\/retratomblargo.jpg\",\"width\":1507,\"height\":2000},{\"@type\":\"BreadcrumbList\",\"@id\":\"https:\/\/marianaberdinas.com.ar\/esculturas\/bio\/#breadcrumb\",\"itemListElement\":[{\"@type\":\"ListItem\",\"position\":1,\"name\":\"Portada\",\"item\":\"https:\/\/marianaberdinas.com.ar\/esculturas\/cursos-moldes-resinas-arte-dibujo-pintura\/\"},{\"@type\":\"ListItem\",\"position\":2,\"name\":\"Mariana Berdi\u00f1as\"}]},{\"@type\":\"WebSite\",\"@id\":\"https:\/\/marianaberdinas.com.ar\/esculturas\/#website\",\"url\":\"https:\/\/marianaberdinas.com.ar\/esculturas\/\",\"name\":\"esculturas\",\"description\":\"Just another WordPress site\",\"potentialAction\":[{\"@type\":\"SearchAction\",\"target\":{\"@type\":\"EntryPoint\",\"urlTemplate\":\"https:\/\/marianaberdinas.com.ar\/esculturas\/?s={search_term_string}\"},\"query-input\":\"required name=search_term_string\"}],\"inLanguage\":\"es\"}]}<\/script>\n<!-- \/ Yoast SEO plugin. -->","yoast_head_json":{"title":"Mariana Berdi\u00f1as - esculturas","robots":{"index":"index","follow":"follow","max-snippet":"max-snippet:-1","max-image-preview":"max-image-preview:large","max-video-preview":"max-video-preview:-1"},"canonical":"https:\/\/marianaberdinas.com.ar\/esculturas\/bio\/","og_locale":"es_ES","og_type":"article","og_title":"Mariana Berdi\u00f1as - esculturas","og_url":"https:\/\/marianaberdinas.com.ar\/esculturas\/bio\/","og_site_name":"esculturas","article_modified_time":"2022-01-27T14:23:59+00:00","og_image":[{"width":1507,"height":2000,"url":"https:\/\/marianaberdinas.com.ar\/esculturas\/wp-content\/uploads\/2022\/01\/retratomblargo.jpg","type":"image\/jpeg"}],"twitter_card":"summary_large_image","twitter_misc":{"Tiempo de lectura":"5 minutos"},"schema":{"@context":"https:\/\/schema.org","@graph":[{"@type":"WebPage","@id":"https:\/\/marianaberdinas.com.ar\/esculturas\/bio\/","url":"https:\/\/marianaberdinas.com.ar\/esculturas\/bio\/","name":"Mariana Berdi\u00f1as - esculturas","isPartOf":{"@id":"https:\/\/marianaberdinas.com.ar\/esculturas\/#website"},"primaryImageOfPage":{"@id":"https:\/\/marianaberdinas.com.ar\/esculturas\/bio\/#primaryimage"},"image":{"@id":"https:\/\/marianaberdinas.com.ar\/esculturas\/bio\/#primaryimage"},"thumbnailUrl":"https:\/\/marianaberdinas.com.ar\/esculturas\/wp-content\/uploads\/2022\/01\/retratomblargo.jpg","datePublished":"2014-09-26T17:23:32+00:00","dateModified":"2022-01-27T14:23:59+00:00","breadcrumb":{"@id":"https:\/\/marianaberdinas.com.ar\/esculturas\/bio\/#breadcrumb"},"inLanguage":"es","potentialAction":[{"@type":"ReadAction","target":["https:\/\/marianaberdinas.com.ar\/esculturas\/bio\/"]}]},{"@type":"ImageObject","inLanguage":"es","@id":"https:\/\/marianaberdinas.com.ar\/esculturas\/bio\/#primaryimage","url":"https:\/\/marianaberdinas.com.ar\/esculturas\/wp-content\/uploads\/2022\/01\/retratomblargo.jpg","contentUrl":"https:\/\/marianaberdinas.com.ar\/esculturas\/wp-content\/uploads\/2022\/01\/retratomblargo.jpg","width":1507,"height":2000},{"@type":"BreadcrumbList","@id":"https:\/\/marianaberdinas.com.ar\/esculturas\/bio\/#breadcrumb","itemListElement":[{"@type":"ListItem","position":1,"name":"Portada","item":"https:\/\/marianaberdinas.com.ar\/esculturas\/cursos-moldes-resinas-arte-dibujo-pintura\/"},{"@type":"ListItem","position":2,"name":"Mariana Berdi\u00f1as"}]},{"@type":"WebSite","@id":"https:\/\/marianaberdinas.com.ar\/esculturas\/#website","url":"https:\/\/marianaberdinas.com.ar\/esculturas\/","name":"esculturas","description":"Just another WordPress site","potentialAction":[{"@type":"SearchAction","target":{"@type":"EntryPoint","urlTemplate":"https:\/\/marianaberdinas.com.ar\/esculturas\/?s={search_term_string}"},"query-input":"required name=search_term_string"}],"inLanguage":"es"}]}},"_links":{"self":[{"href":"https:\/\/marianaberdinas.com.ar\/esculturas\/wp-json\/wp\/v2\/pages\/21"}],"collection":[{"href":"https:\/\/marianaberdinas.com.ar\/esculturas\/wp-json\/wp\/v2\/pages"}],"about":[{"href":"https:\/\/marianaberdinas.com.ar\/esculturas\/wp-json\/wp\/v2\/types\/page"}],"author":[{"embeddable":true,"href":"https:\/\/marianaberdinas.com.ar\/esculturas\/wp-json\/wp\/v2\/users\/1"}],"replies":[{"embeddable":true,"href":"https:\/\/marianaberdinas.com.ar\/esculturas\/wp-json\/wp\/v2\/comments?post=21"}],"version-history":[{"count":5,"href":"https:\/\/marianaberdinas.com.ar\/esculturas\/wp-json\/wp\/v2\/pages\/21\/revisions"}],"predecessor-version":[{"id":2606,"href":"https:\/\/marianaberdinas.com.ar\/esculturas\/wp-json\/wp\/v2\/pages\/21\/revisions\/2606"}],"wp:featuredmedia":[{"embeddable":true,"href":"https:\/\/marianaberdinas.com.ar\/esculturas\/wp-json\/wp\/v2\/media\/2558"}],"wp:attachment":[{"href":"https:\/\/marianaberdinas.com.ar\/esculturas\/wp-json\/wp\/v2\/media?parent=21"}],"curies":[{"name":"wp","href":"https:\/\/api.w.org\/{rel}","templated":true}]}}