{"id":155,"date":"2014-09-26T22:25:42","date_gmt":"2014-09-26T22:25:42","guid":{"rendered":"http:\/\/192.168.1.104\/enfold-photography\/?page_id=155"},"modified":"2022-02-11T16:03:30","modified_gmt":"2022-02-11T16:03:30","slug":"tienda","status":"publish","type":"page","link":"https:\/\/marianaberdinas.com.ar\/esculturas\/tienda\/","title":{"rendered":"TIENDA"},"content":{"rendered":"<section class=\"av_textblock_section \"  itemscope=\"itemscope\" itemtype=\"https:\/\/schema.org\/CreativeWork\" ><div class='avia_textblock  '   itemprop=\"text\" ><p>Estamos construyendo la tienda, en breve podr\u00e1s ver las obras que tenemos en venta, as\u00ed como tambi\u00e9n el cat\u00e1logo de Formas de Agua actualizado y con sus respectivos precios. Para saber m\u00e1s al respecto por favor contactame completando el formulario o escribiendo a <a href=\"mailto:info@marianaberdinas.com.ar\">info@marianaberdinas.com.ar<\/a><br \/>\nTambi\u00e9n pod\u00e9s contactarme via whatsapp dando clic en <a href=\"https:\/\/wa.me\/541157426147\">wa.me\/541157426147<\/a><\/p>\n<\/div><\/section>\n[av_layout_row border='' min_height_percent='' min_height_pc='25' min_height='0' color='main_color' mobile='av-flex-cells' mobile_breaking='' id='#contacto' custom_class='' aria_label='' av_element_hidden_in_editor='0' av_uid='av-26gz7i']\r\n\r\n[av_cell_one_half vertical_align='top' padding='30px' background_color='' src='' background_attachment='scroll' background_position='top left' background_repeat='no-repeat' av_uid='av-kk5hse']\r\n\r\n[av_heading heading='Buscame en las Redes Sociales' tag='h3' style='' subheading_active='' show_icon='' icon='ue800' font='' size='' av-medium-font-size-title='' av-small-font-size-title='' av-mini-font-size-title='' subheading_size='15' av-medium-font-size='' av-small-font-size='' av-mini-font-size='' icon_size='' av-medium-font-size-1='' av-small-font-size-1='' av-mini-font-size-1='' color='' custom_font='' icon_color='' margin='' margin_sync='true' padding='10' icon_padding='10' link='' link_target='' id='' custom_class='' av_uid='av-lud044ya' admin_preview_bg=''][\/av_heading]\r\n\r\n[av_iconlist position='left' iconlist_styling='' custom_title_size='' av-medium-font-size-title='' av-small-font-size-title='' av-mini-font-size-title='' custom_content_size='' av-medium-font-size='' av-small-font-size='' av-mini-font-size='' font_color='' custom_title='' custom_content='' color='' custom_bg='' custom_font='' custom_border='' animation='' alb_description='' id='' custom_class='' av_uid='av-lud17q82' admin_preview_bg='']\r\n[av_iconlist_item title='Instagram' icon='ue909' font='entypo-fontello' heading_tag='' heading_class='' link='manually,https:\/\/www.instagram.com\/marianaberdi' linktarget='' linkelement='both' av_uid='av-4genha'][\/av_iconlist_item]\r\n[av_iconlist_item title='Facebook' icon='ue8f5' font='entypo-fontello' heading_tag='' heading_class='' link='manually,https:\/\/www.facebook.com\/mariana.berdinas' linktarget='_blank' linkelement='both' av_uid='av-1w1oem'][\/av_iconlist_item]\r\n[\/av_iconlist]\r\n\r\n[\/av_cell_one_half][av_cell_one_half vertical_align='top' padding='30px' background_color='' src='' background_attachment='scroll' background_position='top left' background_repeat='no-repeat' av_uid='av-9ky65a']\r\n\r\n[av_heading heading='Informaci\u00f3n de contacto' tag='h3' style='' subheading_active='' show_icon='' icon='ue800' font='' size='' av-medium-font-size-title='' av-small-font-size-title='' av-mini-font-size-title='' subheading_size='15' av-medium-font-size='' av-small-font-size='' av-mini-font-size='' icon_size='' av-medium-font-size-1='' av-small-font-size-1='' av-mini-font-size-1='' color='' custom_font='' icon_color='' margin='' margin_sync='true' padding='10' icon_padding='10' link='' link_target='' id='' custom_class='' av_uid='av-lud04l2p' admin_preview_bg=''][\/av_heading]\r\n\r\n[av_textblock size='' av-medium-font-size='' av-small-font-size='' av-mini-font-size='' font_color='' color='' id='' custom_class='' av_uid='av-6lhfge' admin_preview_bg='']\r\n<strong>Mariana Berdi\u00f1as\r\nE-Mail:<\/strong> info@marianaberdinas.com.ar\r\n<strong>Tel\u00e9fono:<\/strong> (+54) 11 5742 6147\r\n[\/av_textblock]\r\n\r\n[\/av_cell_one_half][\/av_layout_row]\n","protected":false},"excerpt":{"rendered":"","protected":false},"author":1,"featured_media":0,"parent":0,"menu_order":0,"comment_status":"open","ping_status":"closed","template":"","meta":{"footnotes":""},"yoast_head":"<!-- This site is optimized with the Yoast SEO plugin v22.3 - https:\/\/yoast.com\/wordpress\/plugins\/seo\/ -->\n<title>TIENDA - esculturas<\/title>\n<meta name=\"robots\" content=\"index, follow, max-snippet:-1, max-image-preview:large, max-video-preview:-1\" \/>\n<link rel=\"canonical\" href=\"https:\/\/marianaberdinas.com.ar\/esculturas\/tienda\/\" \/>\n<meta property=\"og:locale\" content=\"es_ES\" \/>\n<meta property=\"og:type\" content=\"article\" \/>\n<meta property=\"og:title\" content=\"TIENDA - esculturas\" \/>\n<meta property=\"og:url\" content=\"https:\/\/marianaberdinas.com.ar\/esculturas\/tienda\/\" \/>\n<meta property=\"og:site_name\" content=\"esculturas\" \/>\n<meta property=\"article:modified_time\" content=\"2022-02-11T16:03:30+00:00\" \/>\n<meta name=\"twitter:card\" content=\"summary_large_image\" \/>\n<meta name=\"twitter:label1\" content=\"Tiempo de lectura\" \/>\n\t<meta name=\"twitter:data1\" content=\"1 minuto\" \/>\n<script type=\"application\/ld+json\" class=\"yoast-schema-graph\">{\"@context\":\"https:\/\/schema.org\",\"@graph\":[{\"@type\":\"WebPage\",\"@id\":\"https:\/\/marianaberdinas.com.ar\/esculturas\/tienda\/\",\"url\":\"https:\/\/marianaberdinas.com.ar\/esculturas\/tienda\/\",\"name\":\"TIENDA - esculturas\",\"isPartOf\":{\"@id\":\"https:\/\/marianaberdinas.com.ar\/esculturas\/#website\"},\"datePublished\":\"2014-09-26T22:25:42+00:00\",\"dateModified\":\"2022-02-11T16:03:30+00:00\",\"breadcrumb\":{\"@id\":\"https:\/\/marianaberdinas.com.ar\/esculturas\/tienda\/#breadcrumb\"},\"inLanguage\":\"es\",\"potentialAction\":[{\"@type\":\"ReadAction\",\"target\":[\"https:\/\/marianaberdinas.com.ar\/esculturas\/tienda\/\"]}]},{\"@type\":\"BreadcrumbList\",\"@id\":\"https:\/\/marianaberdinas.com.ar\/esculturas\/tienda\/#breadcrumb\",\"itemListElement\":[{\"@type\":\"ListItem\",\"position\":1,\"name\":\"Portada\",\"item\":\"https:\/\/marianaberdinas.com.ar\/esculturas\/cursos-moldes-resinas-arte-dibujo-pintura\/\"},{\"@type\":\"ListItem\",\"position\":2,\"name\":\"TIENDA\"}]},{\"@type\":\"WebSite\",\"@id\":\"https:\/\/marianaberdinas.com.ar\/esculturas\/#website\",\"url\":\"https:\/\/marianaberdinas.com.ar\/esculturas\/\",\"name\":\"esculturas\",\"description\":\"Just another WordPress site\",\"potentialAction\":[{\"@type\":\"SearchAction\",\"target\":{\"@type\":\"EntryPoint\",\"urlTemplate\":\"https:\/\/marianaberdinas.com.ar\/esculturas\/?s={search_term_string}\"},\"query-input\":\"required name=search_term_string\"}],\"inLanguage\":\"es\"}]}<\/script>\n<!-- \/ Yoast SEO plugin. -->","yoast_head_json":{"title":"TIENDA - esculturas","robots":{"index":"index","follow":"follow","max-snippet":"max-snippet:-1","max-image-preview":"max-image-preview:large","max-video-preview":"max-video-preview:-1"},"canonical":"https:\/\/marianaberdinas.com.ar\/esculturas\/tienda\/","og_locale":"es_ES","og_type":"article","og_title":"TIENDA - esculturas","og_url":"https:\/\/marianaberdinas.com.ar\/esculturas\/tienda\/","og_site_name":"esculturas","article_modified_time":"2022-02-11T16:03:30+00:00","twitter_card":"summary_large_image","twitter_misc":{"Tiempo de lectura":"1 minuto"},"schema":{"@context":"https:\/\/schema.org","@graph":[{"@type":"WebPage","@id":"https:\/\/marianaberdinas.com.ar\/esculturas\/tienda\/","url":"https:\/\/marianaberdinas.com.ar\/esculturas\/tienda\/","name":"TIENDA - esculturas","isPartOf":{"@id":"https:\/\/marianaberdinas.com.ar\/esculturas\/#website"},"datePublished":"2014-09-26T22:25:42+00:00","dateModified":"2022-02-11T16:03:30+00:00","breadcrumb":{"@id":"https:\/\/marianaberdinas.com.ar\/esculturas\/tienda\/#breadcrumb"},"inLanguage":"es","potentialAction":[{"@type":"ReadAction","target":["https:\/\/marianaberdinas.com.ar\/esculturas\/tienda\/"]}]},{"@type":"BreadcrumbList","@id":"https:\/\/marianaberdinas.com.ar\/esculturas\/tienda\/#breadcrumb","itemListElement":[{"@type":"ListItem","position":1,"name":"Portada","item":"https:\/\/marianaberdinas.com.ar\/esculturas\/cursos-moldes-resinas-arte-dibujo-pintura\/"},{"@type":"ListItem","position":2,"name":"TIENDA"}]},{"@type":"WebSite","@id":"https:\/\/marianaberdinas.com.ar\/esculturas\/#website","url":"https:\/\/marianaberdinas.com.ar\/esculturas\/","name":"esculturas","description":"Just another WordPress site","potentialAction":[{"@type":"SearchAction","target":{"@type":"EntryPoint","urlTemplate":"https:\/\/marianaberdinas.com.ar\/esculturas\/?s={search_term_string}"},"query-input":"required name=search_term_string"}],"inLanguage":"es"}]}},"_links":{"self":[{"href":"https:\/\/marianaberdinas.com.ar\/esculturas\/wp-json\/wp\/v2\/pages\/155"}],"collection":[{"href":"https:\/\/marianaberdinas.com.ar\/esculturas\/wp-json\/wp\/v2\/pages"}],"about":[{"href":"https:\/\/marianaberdinas.com.ar\/esculturas\/wp-json\/wp\/v2\/types\/page"}],"author":[{"embeddable":true,"href":"https:\/\/marianaberdinas.com.ar\/esculturas\/wp-json\/wp\/v2\/users\/1"}],"replies":[{"embeddable":true,"href":"https:\/\/marianaberdinas.com.ar\/esculturas\/wp-json\/wp\/v2\/comments?post=155"}],"version-history":[{"count":4,"href":"https:\/\/marianaberdinas.com.ar\/esculturas\/wp-json\/wp\/v2\/pages\/155\/revisions"}],"predecessor-version":[{"id":2813,"href":"https:\/\/marianaberdinas.com.ar\/esculturas\/wp-json\/wp\/v2\/pages\/155\/revisions\/2813"}],"wp:attachment":[{"href":"https:\/\/marianaberdinas.com.ar\/esculturas\/wp-json\/wp\/v2\/media?parent=155"}],"curies":[{"name":"wp","href":"https:\/\/api.w.org\/{rel}","templated":true}]}}